{"id":193,"date":"2024-08-13T11:30:55","date_gmt":"2024-08-13T09:30:55","guid":{"rendered":"https:\/\/fuer-dich-im-sozialwesen.de\/?page_id=193"},"modified":"2025-06-30T11:19:49","modified_gmt":"2025-06-30T09:19:49","slug":"193-2","status":"publish","type":"page","link":"https:\/\/fuer-dich-im-sozialwesen.de\/?page_id=193","title":{"rendered":"Impressum"},"content":{"rendered":"<p>[et_pb_section fb_built=&#8220;1&#8243; admin_label=&#8220;Header&#8220; _builder_version=&#8220;4.27.0&#8243; _module_preset=&#8220;default&#8220; background_color=&#8220;#E6F2FF&#8220; overflow-x=&#8220;hidden&#8220; overflow-y=&#8220;hidden&#8220; custom_margin=&#8220;28px|30px|28px|30px|true|true&#8220; custom_padding=&#8220;||0px|||&#8220; border_radii=&#8220;on|10px|10px|10px|10px&#8220; collapsed=&#8220;on&#8220; global_colors_info=&#8220;{}&#8220;][et_pb_row use_custom_gutter=&#8220;on&#8220; gutter_width=&#8220;2&#8243; _builder_version=&#8220;4.27.0&#8243; _module_preset=&#8220;default&#8220; global_colors_info=&#8220;{}&#8220;][et_pb_column type=&#8220;4_4&#8243; _builder_version=&#8220;4.27.0&#8243; _module_preset=&#8220;default&#8220; background_color=&#8220;#FFFFFF&#8220; custom_padding=&#8220;40px|40px|40px|40px|true|true&#8220; custom_padding_tablet=&#8220;30px|30px|30px|30px|true|true&#8220; custom_padding_phone=&#8220;20px|20px|20px|20px|true|true&#8220; custom_padding_last_edited=&#8220;on|phone&#8220; border_radii=&#8220;on|10px|10px|10px|10px&#8220; global_colors_info=&#8220;{}&#8220;][et_pb_text _builder_version=&#8220;4.27.0&#8243; _module_preset=&#8220;_initial&#8220; header_4_font=&#8220;Inter|700|||||||&#8220; header_4_text_color=&#8220;#000000&#8243; header_4_font_size=&#8220;24px&#8220; header_4_line_height=&#8220;1.4em&#8220; text_orientation=&#8220;center&#8220; custom_margin=&#8220;||0px||false|false&#8220; custom_padding=&#8220;0px|||||&#8220; header_4_font_size_tablet=&#8220;16px&#8220; header_4_font_size_phone=&#8220;15px&#8220; header_4_font_size_last_edited=&#8220;on|desktop&#8220; global_colors_info=&#8220;{}&#8220;][\/et_pb_text][et_pb_text _builder_version=&#8220;4.27.0&#8243; _module_preset=&#8220;_initial&#8220; header_3_font=&#8220;Inter|700|||||||&#8220; header_3_text_color=&#8220;#000000&#8243; header_3_font_size=&#8220;36px&#8220; header_3_line_height=&#8220;1.4em&#8220; text_orientation=&#8220;center&#8220; custom_margin=&#8220;||10px||false|false&#8220; header_3_font_size_tablet=&#8220;20px&#8220; header_3_font_size_phone=&#8220;16px&#8220; header_3_font_size_last_edited=&#8220;on|desktop&#8220; global_colors_info=&#8220;{}&#8220;]<\/p>\n<h3>Impressum<\/h3>\n<p>[\/et_pb_text][et_pb_text _builder_version=&#8220;4.27.0&#8243; _module_preset=&#8220;default&#8220; custom_padding=&#8220;||||false|false&#8220; global_colors_info=&#8220;{}&#8220;]<\/p>\n<div class=\"elementHeadline elementHeadline_var0 elementHeadlineLevel_varauto elementHeadlineReadspeaker_var1\" id=\"anchor_6a420b3c_Impressum\">\n<p>Lebenshilfe Dresden e.V.<br \/>Josephinenstra\u00dfe 31<br \/>01069 Dresden<br \/>Tel.: 0351 32027740<br \/>Fax: 0351 32027744 <br \/>E-Mail: Geschaeftsstelle@Lebenshilfe-Dresden.de<\/p>\n<p>Vertretungsberechtigter Vorstand<br \/>Uwe Ostmann, Vorsitzender<br \/>Uwe Fleck, stellvertretender Vorsitzender<br \/>Ellen Schmid-Kamke, Schatzmeisterin<\/p>\n<p>Gesch\u00e4ftsf\u00fchrerin<br \/>Beate Kursitza-Graf<\/p>\n<p>Gerichtsstand Dresden<br \/>Vereinsregisternummer: VR 126<br \/>Steuernummer: 203\/140\/06837<br \/>UST.-Id.-Nr. DE 158457117<\/p>\n<p>Haftungshinweis<br \/>Wir \u00fcbernehmen keine Haftung f\u00fcr die Inhalte externer Links. F\u00fcr den Inhalt der verlinkten Seiten sind ausschlie\u00dflich deren Betreiber verantwortlich.<\/p>\n<p>Copyright<br \/>Das Copyright dieses Internet-Angebots liegt bei der Lebenshilfe Dresden e.V. (Adresse siehe oben). Die Vervielf\u00e4ltigung oder Verwendung der Bilder, Grafiken und Texte in anderen elektronischen oder gedruckten Publikationen ist nur mit ausdr\u00fcckliche Zustimmung des Vereins gestattet.<br \/>Namentlich gekennzeichnete Beitr\u00e4ge geben die Meinung der Verfasser(innen) wieder.<\/p>\n<h1><\/h1>\n<\/div>\n<p><span><\/span><\/p>\n<p>[\/et_pb_text][\/et_pb_column][\/et_pb_row][\/et_pb_section][et_pb_section fb_built=&#8220;1&#8243; admin_label=&#8220;Sektion&#8220; _builder_version=&#8220;4.27.0&#8243; _module_preset=&#8220;default&#8220; custom_padding=&#8220;3px||6px|||&#8220; global_colors_info=&#8220;{}&#8220;][et_pb_row column_structure=&#8220;1_3,1_3,1_3&#8243; _builder_version=&#8220;4.27.0&#8243; _module_preset=&#8220;default&#8220; global_colors_info=&#8220;{}&#8220;][et_pb_column type=&#8220;1_3&#8243; _builder_version=&#8220;4.27.0&#8243; _module_preset=&#8220;default&#8220; global_colors_info=&#8220;{}&#8220;][et_pb_image src=&#8220;https:\/\/fuer-dich-im-sozialwesen.de\/wp-content\/uploads\/2024\/08\/fuer-dich-prototyp-1-breit.png&#8220; alt=&#8220;logo-fuer-dich-breit&#8220; title_text=&#8220;logo-fuer-dich-breit&#8220; _builder_version=&#8220;4.27.0&#8243; _module_preset=&#8220;default&#8220; max_width=&#8220;250px&#8220; global_colors_info=&#8220;{}&#8220;][\/et_pb_image][\/et_pb_column][et_pb_column type=&#8220;1_3&#8243; _builder_version=&#8220;4.27.0&#8243; _module_preset=&#8220;default&#8220; global_colors_info=&#8220;{}&#8220;][et_pb_image src=&#8220;https:\/\/fuer-dich-im-sozialwesen.de\/wp-content\/uploads\/2024\/08\/Logo_Lebenshilfe_farbig-XL-transparent.gif&#8220; alt=&#8220;Lebenshilfe Dresden e.V. LOGO&#8220; title_text=&#8220;Logo_Lebenshilfe_farbig XL transparent&#8220; _builder_version=&#8220;4.27.0&#8243; _module_preset=&#8220;default&#8220; max_width=&#8220;250px&#8220; custom_padding=&#8220;18px|||||&#8220; global_colors_info=&#8220;{}&#8220;][\/et_pb_image][\/et_pb_column][et_pb_column type=&#8220;1_3&#8243; _builder_version=&#8220;4.27.0&#8243; _module_preset=&#8220;default&#8220; global_colors_info=&#8220;{}&#8220;][et_pb_image src=&#8220;https:\/\/fuer-dich-im-sozialwesen.de\/wp-content\/uploads\/2024\/08\/logo_rueckenwind3_2022_web.png&#8220; alt=&#8220;logo_rueckenwind3_2022_web&#8220; title_text=&#8220;logo_rueckenwind3_2022_web&#8220; align=&#8220;center&#8220; _builder_version=&#8220;4.27.0&#8243; _module_preset=&#8220;default&#8220; max_width=&#8220;250px&#8220; custom_margin=&#8220;34px|||||&#8220; global_colors_info=&#8220;{}&#8220;][\/et_pb_image][\/et_pb_column][\/et_pb_row][et_pb_row column_structure=&#8220;1_2,1_2&#8243; _builder_version=&#8220;4.27.0&#8243; _module_preset=&#8220;default&#8220; global_colors_info=&#8220;{}&#8220;][et_pb_column type=&#8220;1_2&#8243; _builder_version=&#8220;4.27.0&#8243; _module_preset=&#8220;default&#8220; global_colors_info=&#8220;{}&#8220;][et_pb_text _builder_version=&#8220;4.27.0&#8243; _module_preset=&#8220;default&#8220; custom_margin=&#8220;23px|||||&#8220; global_colors_info=&#8220;{}&#8220;]<\/p>\n<p style=\"text-align: center;\"><strong>Das Projekt \u201eF\u00fcr Digitale Chancen im Sozialwesen\u201c wird im Rahmen des Programms \u201e<a href=\"https:\/\/www.esf.de\/portal\/DE\/ESF-Plus-2021-2027\/Foerderprogramme\/bmas\/rueckenwind_3.html\" target=\"_blank\" rel=\"noopener\">R\u00fcckenwind\u00b3<\/a>\u201c durch das <a href=\"https:\/\/www.bmas.bund.de\" target=\"_blank\" rel=\"noopener\">Bundesministerium f\u00fcr Arbeit und Soziales<\/a> und die <a href=\"https:\/\/european-social-fund-plus.ec.europa.eu\/de\" target=\"_blank\" rel=\"noopener\">Europ\u00e4ische Union<\/a> \u00fcber den<\/strong><br \/><strong>Europ\u00e4ischen Sozialfonds Plus (<a href=\"https:\/\/www.esf.de\/\" target=\"_blank\" rel=\"noopener\">ESF Plus<\/a>) gef\u00f6rdert.\u201c<\/strong><\/p>\n<p>[\/et_pb_text][\/et_pb_column][et_pb_column type=&#8220;1_2&#8243; _builder_version=&#8220;4.27.0&#8243; _module_preset=&#8220;default&#8220; global_colors_info=&#8220;{}&#8220;][et_pb_image src=&#8220;https:\/\/fuer-dich-im-sozialwesen.de\/wp-content\/uploads\/2024\/08\/BMAS_EU_Foerderlogo.png&#8220; alt=&#8220;BMAS_EU_Foerderlogo&#8220; title_text=&#8220;BMAS_EU_Foerderlogo&#8220; _builder_version=&#8220;4.27.0&#8243; _module_preset=&#8220;default&#8220; width=&#8220;300px&#8220; global_colors_info=&#8220;{}&#8220;][\/et_pb_image][\/et_pb_column][\/et_pb_row][\/et_pb_section][et_pb_section fb_built=&#8220;1&#8243; admin_label=&#8220;Footer&#8220; _builder_version=&#8220;4.22.0&#8243; _module_preset=&#8220;default&#8220; background_color=&#8220;#000000&#8243; hover_enabled=&#8220;0&#8243; saved_tabs=&#8220;all&#8220; locked=&#8220;off&#8220; collapsed=&#8220;on&#8220; global_colors_info=&#8220;{}&#8220; sticky_enabled=&#8220;0&#8243;][et_pb_row column_structure=&#8220;1_2,1_2&#8243; admin_label=&#8220;Zeile&#8220; _builder_version=&#8220;4.22.0&#8243; _module_preset=&#8220;default&#8220; global_colors_info=&#8220;{}&#8220; theme_builder_area=&#8220;et_body_layout&#8220;][et_pb_column type=&#8220;1_2&#8243; _builder_version=&#8220;4.22.0&#8243; _module_preset=&#8220;default&#8220; global_colors_info=&#8220;{}&#8220; theme_builder_area=&#8220;et_body_layout&#8220;][et_pb_text _builder_version=&#8220;4.27.0&#8243; _module_preset=&#8220;_initial&#8220; header_6_font=&#8220;Inter|700||on|||||&#8220; header_6_text_color=&#8220;gcid-bddc0b07-204a-471f-a9e9-ce834b37b79c&#8220; header_6_font_size=&#8220;16px&#8220; header_6_line_height=&#8220;1.4em&#8220; custom_margin=&#8220;||0px||false|false&#8220; header_6_font_size_tablet=&#8220;15px&#8220; header_6_font_size_phone=&#8220;14px&#8220; header_6_font_size_last_edited=&#8220;on|desktop&#8220; global_colors_info=&#8220;{%22gcid-bddc0b07-204a-471f-a9e9-ce834b37b79c%22:%91%22header_6_text_color%22%93}&#8220; theme_builder_area=&#8220;et_body_layout&#8220;]<\/p>\n<h6>Projekt-Email<\/h6>\n<p>[\/et_pb_text][et_pb_text _builder_version=&#8220;4.27.0&#8243; _module_preset=&#8220;_initial&#8220; link_text_color=&#8220;gcid-a13652f3-2793-4cb6-9d99-526eb1549d6a&#8220; header_5_font=&#8220;Inter|700|||||||&#8220; header_5_text_color=&#8220;#FFFFFF&#8220; header_5_font_size=&#8220;20px&#8220; header_5_line_height=&#8220;1.4em&#8220; header_5_font_size_tablet=&#8220;16px&#8220; header_5_font_size_phone=&#8220;14px&#8220; header_5_font_size_last_edited=&#8220;on|desktop&#8220; global_colors_info=&#8220;{%22gcid-a13652f3-2793-4cb6-9d99-526eb1549d6a%22:%91%22link_text_color%22%93}&#8220; theme_builder_area=&#8220;et_body_layout&#8220;]<\/p>\n<h5><a href=\"mailto:#\">digitale-chancen@<br \/>lebenshilfe-dresden.de<\/a><\/h5>\n<p>[\/et_pb_text][et_pb_text _builder_version=&#8220;4.27.0&#8243; _module_preset=&#8220;_initial&#8220; header_6_font=&#8220;Inter|700||on|||||&#8220; header_6_text_color=&#8220;gcid-bddc0b07-204a-471f-a9e9-ce834b37b79c&#8220; header_6_font_size=&#8220;16px&#8220; header_6_line_height=&#8220;1.4em&#8220; custom_margin=&#8220;||0px||false|false&#8220; header_6_font_size_tablet=&#8220;15px&#8220; header_6_font_size_phone=&#8220;14px&#8220; header_6_font_size_last_edited=&#8220;on|desktop&#8220; global_colors_info=&#8220;{%22gcid-bddc0b07-204a-471f-a9e9-ce834b37b79c%22:%91%22header_6_text_color%22%93}&#8220; theme_builder_area=&#8220;et_body_layout&#8220;]<\/p>\n<h6>Gesch\u00e4ftsstelle Lebenshilfe Dresden Adresse<\/h6>\n<p>[\/et_pb_text][et_pb_text _builder_version=&#8220;4.27.0&#8243; _module_preset=&#8220;_initial&#8220; text_font=&#8220;Inter||||||||&#8220; text_text_color=&#8220;#FFFFFF&#8220; text_font_size=&#8220;18px&#8220; text_line_height=&#8220;1.8em&#8220; link_text_color=&#8220;gcid-a13652f3-2793-4cb6-9d99-526eb1549d6a&#8220; text_font_size_tablet=&#8220;16px&#8220; text_font_size_phone=&#8220;14px&#8220; text_font_size_last_edited=&#8220;on|desktop&#8220; locked=&#8220;off&#8220; global_colors_info=&#8220;{%22gcid-a13652f3-2793-4cb6-9d99-526eb1549d6a%22:%91%22link_text_color%22%93}&#8220; theme_builder_area=&#8220;et_body_layout&#8220;]<\/p>\n<p><strong>Lebenshilfe Dresden e.V.<br \/><\/strong><strong>Josephinenstr. 31<br \/>01069 Dresden<\/strong><\/p>\n<p>[\/et_pb_text][\/et_pb_column][et_pb_column type=&#8220;1_2&#8243; _builder_version=&#8220;4.22.0&#8243; _module_preset=&#8220;default&#8220; global_colors_info=&#8220;{}&#8220; theme_builder_area=&#8220;et_body_layout&#8220;][et_pb_text _builder_version=&#8220;4.27.0&#8243; _module_preset=&#8220;_initial&#8220; header_6_font=&#8220;Inter|700||on|||||&#8220; header_6_text_color=&#8220;gcid-bddc0b07-204a-471f-a9e9-ce834b37b79c&#8220; header_6_font_size=&#8220;16px&#8220; header_6_line_height=&#8220;1.4em&#8220; custom_margin=&#8220;||0px||false|false&#8220; header_6_font_size_tablet=&#8220;15px&#8220; header_6_font_size_phone=&#8220;14px&#8220; header_6_font_size_last_edited=&#8220;on|desktop&#8220; locked=&#8220;off&#8220; global_colors_info=&#8220;{%22gcid-bddc0b07-204a-471f-a9e9-ce834b37b79c%22:%91%22header_6_text_color%22%93}&#8220; theme_builder_area=&#8220;et_body_layout&#8220;]<\/p>\n<h6>social media der lebenshilfe dresden<\/h6>\n<p>[\/et_pb_text][et_pb_text _builder_version=&#8220;4.27.0&#8243; _module_preset=&#8220;_initial&#8220; text_font_size=&#8220;6px&#8220; link_text_color=&#8220;#FFFFFF&#8220; header_3_font=&#8220;Inter|700|||||||&#8220; header_3_text_color=&#8220;#FFFFFF&#8220; header_3_font_size=&#8220;36px&#8220; header_3_line_height=&#8220;1.4em&#8220; custom_margin=&#8220;||0px||false|false&#8220; header_3_font_size_tablet=&#8220;20px&#8220; header_3_font_size_phone=&#8220;16px&#8220; header_3_font_size_last_edited=&#8220;on|desktop&#8220; global_colors_info=&#8220;{}&#8220; link_text_color__hover_enabled=&#8220;on|hover&#8220; link_text_color__hover=&#8220;#FCB02F&#8220; theme_builder_area=&#8220;et_body_layout&#8220;]<\/p>\n<h3><a href=\"https:\/\/www.facebook.com\/LebenshilfeDresden1990\/?locale=de_DE\" target=\"_blank\" rel=\"noopener\">Facebook<\/a><\/h3>\n<p>[\/et_pb_text][et_pb_text _builder_version=&#8220;4.27.0&#8243; _module_preset=&#8220;_initial&#8220; link_text_color=&#8220;#FFFFFF&#8220; header_3_font=&#8220;Inter|700|||||||&#8220; header_3_text_color=&#8220;#FFFFFF&#8220; header_3_font_size=&#8220;36px&#8220; header_3_line_height=&#8220;1.4em&#8220; custom_margin=&#8220;||0px||false|false&#8220; header_3_font_size_tablet=&#8220;20px&#8220; header_3_font_size_phone=&#8220;16px&#8220; header_3_font_size_last_edited=&#8220;on|desktop&#8220; global_colors_info=&#8220;{}&#8220; link_text_color__hover=&#8220;#FCB02F&#8220; link_text_color__hover_enabled=&#8220;on|hover&#8220; theme_builder_area=&#8220;et_body_layout&#8220;]<\/p>\n<h3><a href=\"https:\/\/www.instagram.com\/lebenshilfe_dresden\/?hl=de\" target=\"_blank\" rel=\"noopener\">Instagram<\/a><\/h3>\n<p>[\/et_pb_text][et_pb_text _builder_version=&#8220;4.27.0&#8243; _module_preset=&#8220;_initial&#8220; link_text_color=&#8220;#FFFFFF&#8220; header_3_font=&#8220;Inter|700|||||||&#8220; header_3_text_color=&#8220;#FFFFFF&#8220; header_3_font_size=&#8220;36px&#8220; header_3_line_height=&#8220;1.4em&#8220; custom_margin=&#8220;||0px||false|false&#8220; link_option_url=&#8220;https:\/\/www.youtube.com\/@Lebenshilfe-Dresden\/videos&#8220; link_option_url_new_window=&#8220;on&#8220; header_3_font_size_tablet=&#8220;20px&#8220; header_3_font_size_phone=&#8220;16px&#8220; header_3_font_size_last_edited=&#8220;on|desktop&#8220; global_colors_info=&#8220;{}&#8220; link_text_color__hover=&#8220;#FCB02F&#8220; link_text_color__hover_enabled=&#8220;on|hover&#8220; theme_builder_area=&#8220;et_body_layout&#8220;]<\/p>\n<h3><a href=\"https:\/\/www.youtube.com\/@Lebenshilfe-Dresden\" target=\"_blank\" rel=\"noopener\">Youtube<\/a><\/h3>\n<p>[\/et_pb_text][et_pb_text _builder_version=&#8220;4.27.0&#8243; _module_preset=&#8220;_initial&#8220; link_text_color=&#8220;#FFFFFF&#8220; header_3_font=&#8220;Inter|700|||||||&#8220; header_3_text_color=&#8220;#FFFFFF&#8220; header_3_font_size=&#8220;36px&#8220; header_3_line_height=&#8220;1.4em&#8220; custom_margin=&#8220;||0px||false|false&#8220; link_option_url=&#8220;https:\/\/www.youtube.com\/@Lebenshilfe-Dresden\/videos&#8220; link_option_url_new_window=&#8220;on&#8220; header_3_font_size_tablet=&#8220;20px&#8220; header_3_font_size_phone=&#8220;16px&#8220; header_3_font_size_last_edited=&#8220;on|desktop&#8220; global_colors_info=&#8220;{}&#8220; link_text_color__hover=&#8220;#FCB02F&#8220; link_text_color__hover_enabled=&#8220;on|hover&#8220; theme_builder_area=&#8220;et_body_layout&#8220;]<\/p>\n<h3><a href=\"https:\/\/www.tiktok.com\/@lebenshilfedresden\" target=\"_blank\" rel=\"noopener\">TikTok<\/a><\/h3>\n<p>[\/et_pb_text][et_pb_text _builder_version=&#8220;4.27.0&#8243; _module_preset=&#8220;_initial&#8220; link_text_color=&#8220;#FFFFFF&#8220; header_3_font=&#8220;Inter|700|||||||&#8220; header_3_text_color=&#8220;#FFFFFF&#8220; header_3_font_size=&#8220;36px&#8220; header_3_line_height=&#8220;1.4em&#8220; custom_margin=&#8220;||0px||false|false&#8220; link_option_url=&#8220;https:\/\/www.youtube.com\/@Lebenshilfe-Dresden\/videos&#8220; link_option_url_new_window=&#8220;on&#8220; header_3_font_size_tablet=&#8220;20px&#8220; header_3_font_size_phone=&#8220;16px&#8220; header_3_font_size_last_edited=&#8220;on|desktop&#8220; global_colors_info=&#8220;{}&#8220; link_text_color__hover=&#8220;#FCB02F&#8220; link_text_color__hover_enabled=&#8220;on|hover&#8220; theme_builder_area=&#8220;et_body_layout&#8220;][\/et_pb_text][et_pb_text _builder_version=&#8220;4.27.0&#8243; _module_preset=&#8220;default&#8220; text_text_color=&#8220;#000000&#8243; text_font_size=&#8220;25px&#8220; locked=&#8220;off&#8220; global_colors_info=&#8220;{}&#8220; theme_builder_area=&#8220;et_body_layout&#8220;]<\/p>\n<p>&nbsp;<\/p>\n<p>Der erste Social Media Post<\/p>\n<p>[\/et_pb_text][\/et_pb_column][\/et_pb_row][\/et_pb_section]<\/p>\n","protected":false},"excerpt":{"rendered":"<p>Impressum Lebenshilfe Dresden e.V.Josephinenstra\u00dfe 3101069 DresdenTel.: 0351 32027740Fax: 0351 32027744 E-Mail: Geschaeftsstelle@Lebenshilfe-Dresden.de Vertretungsberechtigter VorstandUwe Ostmann, VorsitzenderUwe Fleck, stellvertretender VorsitzenderEllen Schmid-Kamke, Schatzmeisterin Gesch\u00e4ftsf\u00fchrerinBeate Kursitza-Graf Gerichtsstand DresdenVereinsregisternummer: VR 126Steuernummer: 203\/140\/06837UST.-Id.-Nr. DE 158457117 HaftungshinweisWir \u00fcbernehmen keine Haftung f\u00fcr die Inhalte externer Links. F\u00fcr den Inhalt der verlinkten Seiten sind ausschlie\u00dflich deren Betreiber verantwortlich. CopyrightDas Copyright dieses Internet-Angebots liegt [&hellip;]<\/p>\n","protected":false},"author":1,"featured_media":0,"parent":0,"menu_order":0,"comment_status":"closed","ping_status":"closed","template":"","meta":{"_et_pb_use_builder":"on","_et_pb_old_content":"","_et_gb_content_width":"","footnotes":""},"class_list":["post-193","page","type-page","status-publish","hentry"],"_links":{"self":[{"href":"https:\/\/fuer-dich-im-sozialwesen.de\/index.php?rest_route=\/wp\/v2\/pages\/193","targetHints":{"allow":["GET"]}}],"collection":[{"href":"https:\/\/fuer-dich-im-sozialwesen.de\/index.php?rest_route=\/wp\/v2\/pages"}],"about":[{"href":"https:\/\/fuer-dich-im-sozialwesen.de\/index.php?rest_route=\/wp\/v2\/types\/page"}],"author":[{"embeddable":true,"href":"https:\/\/fuer-dich-im-sozialwesen.de\/index.php?rest_route=\/wp\/v2\/users\/1"}],"replies":[{"embeddable":true,"href":"https:\/\/fuer-dich-im-sozialwesen.de\/index.php?rest_route=%2Fwp%2Fv2%2Fcomments&post=193"}],"version-history":[{"count":5,"href":"https:\/\/fuer-dich-im-sozialwesen.de\/index.php?rest_route=\/wp\/v2\/pages\/193\/revisions"}],"predecessor-version":[{"id":407,"href":"https:\/\/fuer-dich-im-sozialwesen.de\/index.php?rest_route=\/wp\/v2\/pages\/193\/revisions\/407"}],"wp:attachment":[{"href":"https:\/\/fuer-dich-im-sozialwesen.de\/index.php?rest_route=%2Fwp%2Fv2%2Fmedia&parent=193"}],"curies":[{"name":"wp","href":"https:\/\/api.w.org\/{rel}","templated":true}]}}